{"id":100,"date":"2018-11-26T13:53:49","date_gmt":"2018-11-26T12:53:49","guid":{"rendered":"http:\/\/chroniquesmotardes.com\/?page_id=100"},"modified":"2024-06-17T01:33:54","modified_gmt":"2024-06-16T23:33:54","slug":"essais","status":"publish","type":"page","link":"https:\/\/chroniquesmotardes.com\/index.php\/accueil\/brides-de-quotidien\/essais\/","title":{"rendered":"Essais"},"content":{"rendered":"\n<p class=\"has-text-align-center\"><strong>\u00c9quipements test\u00e9s<\/strong><\/p>\n\n\n\n<p class=\"has-text-align-center\"><a href=\"https:\/\/chroniquesmotardes.com\/index.php\/2018\/02\/01\/casque-marko-m-fiber\/\">Casque int\u00e9gral M\u00c2RK\u00d6 M-FIBER<\/a><\/p>\n\n\n\n<p><\/p>\n","protected":false},"excerpt":{"rendered":"<p>\u00c9quipements test\u00e9s Casque int\u00e9gral M\u00c2RK\u00d6 M-FIBER<\/p>\n","protected":false},"author":1,"featured_media":848,"parent":47,"menu_order":0,"comment_status":"closed","ping_status":"closed","template":"","meta":{"footnotes":""},"class_list":["post-100","page","type-page","status-publish","has-post-thumbnail","hentry"],"_links":{"self":[{"href":"https:\/\/chroniquesmotardes.com\/index.php\/wp-json\/wp\/v2\/pages\/100","targetHints":{"allow":["GET"]}}],"collection":[{"href":"https:\/\/chroniquesmotardes.com\/index.php\/wp-json\/wp\/v2\/pages"}],"about":[{"href":"https:\/\/chroniquesmotardes.com\/index.php\/wp-json\/wp\/v2\/types\/page"}],"author":[{"embeddable":true,"href":"https:\/\/chroniquesmotardes.com\/index.php\/wp-json\/wp\/v2\/users\/1"}],"replies":[{"embeddable":true,"href":"https:\/\/chroniquesmotardes.com\/index.php\/wp-json\/wp\/v2\/comments?post=100"}],"version-history":[{"count":1,"href":"https:\/\/chroniquesmotardes.com\/index.php\/wp-json\/wp\/v2\/pages\/100\/revisions"}],"predecessor-version":[{"id":1153,"href":"https:\/\/chroniquesmotardes.com\/index.php\/wp-json\/wp\/v2\/pages\/100\/revisions\/1153"}],"up":[{"embeddable":true,"href":"https:\/\/chroniquesmotardes.com\/index.php\/wp-json\/wp\/v2\/pages\/47"}],"wp:featuredmedia":[{"embeddable":true,"href":"https:\/\/chroniquesmotardes.com\/index.php\/wp-json\/"}],"wp:attachment":[{"href":"https:\/\/chroniquesmotardes.com\/index.php\/wp-json\/wp\/v2\/media?parent=100"}],"curies":[{"name":"wp","href":"https:\/\/api.w.org\/{rel}","templated":true}]}}