{"id":79,"date":"1970-01-01T01:00:00","date_gmt":"1970-01-01T00:00:00","guid":{"rendered":"http:\/\/chroniquesmotardes.com\/?page_id=79"},"modified":"1970-01-01T01:00:00","modified_gmt":"1970-01-01T00:00:00","slug":"lexamen","status":"publish","type":"page","link":"https:\/\/chroniquesmotardes.com\/index.php\/accueil\/permis-moto\/lexamen\/","title":{"rendered":"L&#8217;examen"},"content":{"rendered":"\n<p>Seront bient\u00f4t pr\u00e9sent\u00e9s ici les diff\u00e9rentes \u00e9preuves du permis moto A2 : <strong>parcours lent<\/strong> et <strong>rapide<\/strong>, <strong>v\u00e9rifications<\/strong>, et <strong>fiches <\/strong>! \ud83d\ude42<\/p>\n\n\n\n<p>Et si vous visitiez la section <a href=\"http:\/\/chroniquesmotardes.com\/accueil\/permis-moto\/aventures-permis-a2\/\">Aventures Permis A2<\/a> en attendant ?<\/p>\n\n\n\n<figure class=\"wp-block-image\"><img decoding=\"async\" src=\"http:\/\/chroniquesmotardes.com\/wp-content\/uploads\/2018\/12\/page_construction_0.png\" alt=\"\" class=\"wp-image-828\"\/><\/figure>\n","protected":false},"excerpt":{"rendered":"<p>Seront bient\u00f4t pr\u00e9sent\u00e9s ici les diff\u00e9rentes \u00e9preuves du permis moto A2 : parcours lent et rapide, v\u00e9rifications, et fiches !&hellip;<\/p>\n","protected":false},"author":1,"featured_media":0,"parent":477,"menu_order":0,"comment_status":"open","ping_status":"closed","template":"","meta":{"footnotes":""},"class_list":["post-79","page","type-page","status-publish","hentry"],"_links":{"self":[{"href":"https:\/\/chroniquesmotardes.com\/index.php\/wp-json\/wp\/v2\/pages\/79","targetHints":{"allow":["GET"]}}],"collection":[{"href":"https:\/\/chroniquesmotardes.com\/index.php\/wp-json\/wp\/v2\/pages"}],"about":[{"href":"https:\/\/chroniquesmotardes.com\/index.php\/wp-json\/wp\/v2\/types\/page"}],"author":[{"embeddable":true,"href":"https:\/\/chroniquesmotardes.com\/index.php\/wp-json\/wp\/v2\/users\/1"}],"replies":[{"embeddable":true,"href":"https:\/\/chroniquesmotardes.com\/index.php\/wp-json\/wp\/v2\/comments?post=79"}],"version-history":[{"count":0,"href":"https:\/\/chroniquesmotardes.com\/index.php\/wp-json\/wp\/v2\/pages\/79\/revisions"}],"up":[{"embeddable":true,"href":"https:\/\/chroniquesmotardes.com\/index.php\/wp-json\/wp\/v2\/pages\/477"}],"wp:attachment":[{"href":"https:\/\/chroniquesmotardes.com\/index.php\/wp-json\/wp\/v2\/media?parent=79"}],"curies":[{"name":"wp","href":"https:\/\/api.w.org\/{rel}","templated":true}]}}