{"id":88,"date":"2018-11-26T13:49:55","date_gmt":"2018-11-26T12:49:55","guid":{"rendered":"http:\/\/chroniquesmotardes.com\/?page_id=88"},"modified":"2018-11-26T13:49:55","modified_gmt":"2018-11-26T12:49:55","slug":"aventures-permis-a2","status":"publish","type":"page","link":"https:\/\/chroniquesmotardes.com\/index.php\/accueil\/permis-moto\/aventures-permis-a2\/","title":{"rendered":"Aventures Permis A2"},"content":{"rendered":"<p>Progression du Permis A2 :<br \/>\n\t\t\t\tPlateau lent<br \/>\n\t\t\t\t\t\t\t\t\t100%<br \/>\n\t\t\t\tPlateau rapide<br \/>\n\t\t\t\t\t\t\t\t\t100%<br \/>\n\t\t\t\tCirculation<br \/>\n\t\t\t\t\t\t\t\t\t100%<\/p>\n<h5><strong>Toi aussi, tu r\u00eaves de passer le permis moto ?<\/strong><\/h5>\n<p>Ou alors tu t&#8217;es d\u00e9j\u00e0 lanc\u00e9-e, mais tu te trouves trop <strong>maladroit-e<\/strong> pour y arriver un jour ?<\/p>\n<p>Ou peut-\u00eatre que <strong>tu fauches les plots<\/strong> comme on fauche les bl\u00e9s ?<\/p>\n<h5>Et bien &#8230; <strong>Ces r\u00e9cits sont faits pour toi.<\/strong><\/h5>\n<p>Ils relatent avec <strong>humour<\/strong> l&#8217;aventure bard\u00e9e d&#8217;emb\u00fbches d&#8217;une maladroite anxieuse, qui passe son <strong>permis moto sans aucune exp\u00e9rience<\/strong> des deux-roues&#8230;\u00a0 et crois-moi, si elle a pu l&#8217;avoir, alors tout le monde le peut !<\/p>\n<h5>\u00a0\u00a0\u00a0\u00a0\u00a0\u00a0\u00a0\u00a0\u00a0\u00a0\u00a0\u00a0\u00a0\u00a0\u00a0\u00a0\u00a0 &#8230; Jette donc un oeil !<\/h5>\n<ul>\n<li >\n\t\t\t\t\t<a href=\"http:\/\/chroniquesmotardes.com\/index.php\/2018\/11\/01\/aventures-permis-a2-episode-1\/\"><br \/>\n\t\t\t\t\t\t\t\t\t\t\u00c9pisode 1<br \/>\n\t\t\t\t\t\t\t\t\t\t\t<\/a>\n\t\t\t\t\t\t\t\t\t<\/li>\n<li >\n\t\t\t\t\t<a href=\"http:\/\/chroniquesmotardes.com\/index.php\/2017\/11\/01\/aventure-permis-a2-episode-2\/\"><br \/>\n\t\t\t\t\t\t\t\t\t\t\u00c9pisode 2<br \/>\n\t\t\t\t\t\t\t\t\t\t\t<\/a>\n\t\t\t\t\t\t\t\t\t<\/li>\n<li >\n\t\t\t\t\t<a href=\"http:\/\/chroniquesmotardes.com\/index.php\/2017\/11\/01\/aventure-permis-a2-episode-3\/\"><br \/>\n\t\t\t\t\t\t\t\t\t\t\u00c9pisode 3<br \/>\n\t\t\t\t\t\t\t\t\t\t\t<\/a>\n\t\t\t\t\t\t\t\t\t<\/li>\n<li >\n\t\t\t\t\t<a href=\"http:\/\/chroniquesmotardes.com\/index.php\/2017\/11\/01\/aventure-permis-a2-episode-4\/\"><br \/>\n\t\t\t\t\t\t\t\t\t\t\u00c9pisode 4<br \/>\n\t\t\t\t\t\t\t\t\t\t\t<\/a>\n\t\t\t\t\t\t\t\t\t<\/li>\n<li >\n\t\t\t\t\t<a href=\"http:\/\/chroniquesmotardes.com\/index.php\/2018\/11\/01\/aventure-permis-a2-episode-5\/\"><br \/>\n\t\t\t\t\t\t\t\t\t\t\u00c9pisode 5<br \/>\n\t\t\t\t\t\t\t\t\t\t\t<\/a>\n\t\t\t\t\t\t\t\t\t<\/li>\n<li >\n\t\t\t\t\t<a href=\"http:\/\/chroniquesmotardes.com\/index.php\/2018\/11\/01\/aventure-permis-a2-episode-6\/\"><br \/>\n\t\t\t\t\t\t\t\t\t\t\u00c9pisode 6<br \/>\n\t\t\t\t\t\t\t\t\t\t\t<\/a>\n\t\t\t\t\t\t\t\t\t<\/li>\n<li >\n\t\t\t\t\t<a href=\"http:\/\/chroniquesmotardes.com\/index.php\/2018\/11\/01\/aventure-permis-a2-episode-7\/\"><br \/>\n\t\t\t\t\t\t\t\t\t\t\u00c9pisode 7<br \/>\n\t\t\t\t\t\t\t\t\t\t\t<\/a>\n\t\t\t\t\t\t\t\t\t<\/li>\n<li >\n\t\t\t\t\t<a href=\"http:\/\/chroniquesmotardes.com\/index.php\/2017\/12\/31\/aventure-permis-a2-episode-8\/\"><br \/>\n\t\t\t\t\t\t\t\t\t\t\u00c9pisode 8<br \/>\n\t\t\t\t\t\t\t\t\t\t\t<\/a>\n\t\t\t\t\t\t\t\t\t<\/li>\n<li >\n\t\t\t\t\t<a href=\"http:\/\/chroniquesmotardes.com\/index.php\/2017\/12\/31\/aventure-permis-a2-episode-9\/\"><br \/>\n\t\t\t\t\t\t\t\t\t\t\u00c9pisode 9<br \/>\n\t\t\t\t\t\t\t\t\t\t\t<\/a>\n\t\t\t\t\t\t\t\t\t<\/li>\n<li >\n\t\t\t\t\t<a href=\"http:\/\/chroniquesmotardes.com\/index.php\/2017\/12\/31\/aventure-permis-a2-episode-10\/\"><br \/>\n\t\t\t\t\t\t\t\t\t\t\u00c9pisode 10<br \/>\n\t\t\t\t\t\t\t\t\t\t\t<\/a>\n\t\t\t\t\t\t\t\t\t<\/li>\n<li >\n\t\t\t\t\t<a href=\"http:\/\/chroniquesmotardes.com\/index.php\/2017\/12\/31\/aventure-permis-a2-episode-11\/\"><br \/>\n\t\t\t\t\t\t\t\t\t\t\u00c9pisode 11<br \/>\n\t\t\t\t\t\t\t\t\t\t\t<\/a>\n\t\t\t\t\t\t\t\t\t<\/li>\n<li >\n\t\t\t\t\t<a href=\"http:\/\/chroniquesmotardes.com\/index.php\/2018\/01\/01\/aventure-permis-a2-episode-12\/\"><br \/>\n\t\t\t\t\t\t\t\t\t\t\u00c9pisode 12<br \/>\n\t\t\t\t\t\t\t\t\t\t\t<\/a>\n\t\t\t\t\t\t\t\t\t<\/li>\n<li >\n\t\t\t\t\t<a href=\"http:\/\/chroniquesmotardes.com\/index.php\/2018\/01\/01\/aventure-permis-a2-episode-13\/\"><br \/>\n\t\t\t\t\t\t\t\t\t\t\u00c9pisode 13<br \/>\n\t\t\t\t\t\t\t\t\t\t\t<\/a>\n\t\t\t\t\t\t\t\t\t<\/li>\n<li >\n\t\t\t\t\t<a href=\"http:\/\/chroniquesmotardes.com\/index.php\/2018\/01\/13\/aventure-permis-a2-episode-14\/\"><br \/>\n\t\t\t\t\t\t\t\t\t\t\u00c9pisode 14<br \/>\n\t\t\t\t\t\t\t\t\t\t\t<\/a>\n\t\t\t\t\t\t\t\t\t<\/li>\n<li >\n\t\t\t\t\t<a href=\"http:\/\/chroniquesmotardes.com\/permis-a2\/aventure-permis-a2\/aventure-permis-a2-episode-15\/\"><br \/>\n\t\t\t\t\t\t\t\t\t\t\u00c9pisode 15<br \/>\n\t\t\t\t\t\t\t\t\t\t\t<\/a>\n\t\t\t\t\t\t\t\t\t<\/li>\n<\/ul>\n<ul>\n<li >\n\t\t\t\t\t<a href=\"http:\/\/chroniquesmotardes.com\/index.php\/2018\/02\/03\/aventure-permis-a2-episode-16\/\"><br \/>\n\t\t\t\t\t\t\t\t\t\t\u00c9pisode 16<br \/>\n\t\t\t\t\t\t\t\t\t\t\t<\/a>\n\t\t\t\t\t\t\t\t\t<\/li>\n<li >\n\t\t\t\t\t<a href=\"http:\/\/chroniquesmotardes.com\/index.php\/2018\/02\/07\/aventure-permis-a2-episode-17\/\"><br \/>\n\t\t\t\t\t\t\t\t\t\t\u00c9pisode 17<br \/>\n\t\t\t\t\t\t\t\t\t\t\t<\/a>\n\t\t\t\t\t\t\t\t\t<\/li>\n<li >\n\t\t\t\t\t<a href=\"http:\/\/chroniquesmotardes.com\/index.php\/2018\/02\/15\/aventure-permis-a2-episode-18\/\"><br \/>\n\t\t\t\t\t\t\t\t\t\t\u00c9pisode 18<br \/>\n\t\t\t\t\t\t\t\t\t\t\t<\/a>\n\t\t\t\t\t\t\t\t\t<\/li>\n<li >\n\t\t\t\t\t<a href=\"http:\/\/chroniquesmotardes.com\/hors-serie\/quinze-jours\/\"><br \/>\n\t\t\t\t\t\t\t\t\t\tQuinze jours &#8230;<br \/>\n\t\t\t\t\t\t\t\t\t\t\t<\/a>\n\t\t\t\t\t\t\t\t\t<\/li>\n<li >\n\t\t\t\t\t<a href=\"http:\/\/chroniquesmotardes.com\/index.php\/2018\/03\/16\/off-1-aventure-permis-a2-avec-ma-moitie\/\"><br \/>\n\t\t\t\t\t\t\t\t\t\tEntrainement maison<br \/>\n\t\t\t\t\t\t\t\t\t\t\t<\/a>\n\t\t\t\t\t\t\t\t\t<\/li>\n<li >\n\t\t\t\t\t<a href=\"http:\/\/chroniquesmotardes.com\/index.php\/2018\/03\/21\/aventure-permis-a2-episode-19\/\"><br \/>\n\t\t\t\t\t\t\t\t\t\t\u00c9pisode 19<br \/>\n\t\t\t\t\t\t\t\t\t\t\t<\/a>\n\t\t\t\t\t\t\t\t\t<\/li>\n<li >\n\t\t\t\t\t<a href=\"http:\/\/chroniquesmotardes.com\/index.php\/2018\/03\/22\/aventure-permis-a2-episode-20\/\"><br \/>\n\t\t\t\t\t\t\t\t\t\t\u00c9pisode 20<br \/>\n\t\t\t\t\t\t\t\t\t\t\t<\/a>\n\t\t\t\t\t\t\t\t\t<\/li>\n<li >\n\t\t\t\t\t<a href=\"http:\/\/chroniquesmotardes.com\/index.php\/2018\/03\/23\/aventure-permis-a2-episode-21\/\"><br \/>\n\t\t\t\t\t\t\t\t\t\t\u00c9pisode 21<br \/>\n\t\t\t\t\t\t\t\t\t\t\t<\/a>\n\t\t\t\t\t\t\t\t\t<\/li>\n<li >\n\t\t\t\t\t<a href=\"http:\/\/chroniquesmotardes.com\/index.php\/2018\/03\/24\/aventures-permis-a2-episode-22\/\"><br \/>\n\t\t\t\t\t\t\t\t\t\t\u00c9pisode 22<br \/>\n\t\t\t\t\t\t\t\t\t\t\t<\/a>\n\t\t\t\t\t\t\t\t\t<\/li>\n<li >\n\t\t\t\t\t<a href=\"http:\/\/chroniquesmotardes.com\/index.php\/2018\/03\/27\/aventure-permis-a2-episode-23\/\"><br \/>\n\t\t\t\t\t\t\t\t\t\t\u00c9pisode 23<br \/>\n\t\t\t\t\t\t\t\t\t\t\t<\/a>\n\t\t\t\t\t\t\t\t\t<\/li>\n<li >\n\t\t\t\t\t<a href=\"http:\/\/chroniquesmotardes.com\/index.php\/2018\/11\/26\/aventure-permis-a2-episode-24\/\"><br \/>\n\t\t\t\t\t\t\t\t\t\t\u00c9pisode 24<br \/>\n\t\t\t\t\t\t\t\t\t\t\t<\/a>\n\t\t\t\t\t\t\t\t\t<\/li>\n<li >\n\t\t\t\t\t<a href=\"http:\/\/chroniquesmotardes.com\/index.php\/2018\/04\/18\/servie-sur-un-plateau\/\"><br \/>\n\t\t\t\t\t\t\t\t\t\tServie sur un plateau&#8230;<br \/>\n\t\t\t\t\t\t\t\t\t\t\t<\/a>\n\t\t\t\t\t\t\t\t\t<\/li>\n<li >\n\t\t\t\t\t<a href=\"http:\/\/chroniquesmotardes.com\/index.php\/2018\/11\/26\/aventure-permis-a2-episode-25\/\"><br \/>\n\t\t\t\t\t\t\t\t\t\t\u00c9pisode 25<br \/>\n\t\t\t\t\t\t\t\t\t\t\t<\/a>\n\t\t\t\t\t\t\t\t\t<\/li>\n<li >\n\t\t\t\t\t<a href=\"http:\/\/chroniquesmotardes.com\/index.php\/2018\/04\/24\/circulez-ya-rien-a-voir\/\"><br \/>\n\t\t\t\t\t\t\t\t\t\tCirculez, y&#8217;a rien \u00e0 voir !<br \/>\n\t\t\t\t\t\t\t\t\t\t\t<\/a>\n\t\t\t\t\t\t\t\t\t<\/li>\n<li >\n\t\t\t\t\t<a href=\"http:\/\/chroniquesmotardes.com\/hors-serie\/ramener-la-dulcinee-au-chateau\/\"><br \/>\n\t\t\t\t\t\t\t\t\t\tRamener la Dulcin\u00e9e au ch\u00e2teau.<br \/>\n\t\t\t\t\t\t\t\t\t\t\t<\/a>\n\t\t\t\t\t\t\t\t\t<\/li>\n<\/ul>\n","protected":false},"excerpt":{"rendered":"<p>Progression du Permis A2 : Plateau lent 100% Plateau rapide 100% Circulation 100% Toi aussi, tu r\u00eaves de passer le&hellip;<\/p>\n","protected":false},"author":1,"featured_media":0,"parent":477,"menu_order":0,"comment_status":"open","ping_status":"closed","template":"","meta":{"footnotes":""},"class_list":["post-88","page","type-page","status-publish","hentry"],"_links":{"self":[{"href":"https:\/\/chroniquesmotardes.com\/index.php\/wp-json\/wp\/v2\/pages\/88","targetHints":{"allow":["GET"]}}],"collection":[{"href":"https:\/\/chroniquesmotardes.com\/index.php\/wp-json\/wp\/v2\/pages"}],"about":[{"href":"https:\/\/chroniquesmotardes.com\/index.php\/wp-json\/wp\/v2\/types\/page"}],"author":[{"embeddable":true,"href":"https:\/\/chroniquesmotardes.com\/index.php\/wp-json\/wp\/v2\/users\/1"}],"replies":[{"embeddable":true,"href":"https:\/\/chroniquesmotardes.com\/index.php\/wp-json\/wp\/v2\/comments?post=88"}],"version-history":[{"count":0,"href":"https:\/\/chroniquesmotardes.com\/index.php\/wp-json\/wp\/v2\/pages\/88\/revisions"}],"up":[{"embeddable":true,"href":"https:\/\/chroniquesmotardes.com\/index.php\/wp-json\/wp\/v2\/pages\/477"}],"wp:attachment":[{"href":"https:\/\/chroniquesmotardes.com\/index.php\/wp-json\/wp\/v2\/media?parent=88"}],"curies":[{"name":"wp","href":"https:\/\/api.w.org\/{rel}","templated":true}]}}