{"id":889,"date":"2018-12-29T19:43:44","date_gmt":"2018-12-29T18:43:44","guid":{"rendered":"http:\/\/chroniquesmotardes.com\/?page_id=889"},"modified":"2024-06-17T01:35:01","modified_gmt":"2024-06-16T23:35:01","slug":"quotidien-motard","status":"publish","type":"page","link":"https:\/\/chroniquesmotardes.com\/index.php\/accueil\/brides-de-quotidien\/quotidien-motard\/","title":{"rendered":"Quotidien Motard"},"content":{"rendered":"\n<figure class=\"wp-block-gallery has-nested-images columns-default is-cropped wp-block-gallery-1 is-layout-flex wp-block-gallery-is-layout-flex\">\n<figure class=\"wp-block-image\"><img decoding=\"async\" data-id=\"576\" src=\"http:\/\/chroniquesmotardes.com\/wp-content\/uploads\/2018\/11\/39167198_298928840656497_4507889414935937024_o-1024x1024.jpg\" alt=\"\" class=\"wp-image-576\"\/><\/figure>\n\n\n\n<figure class=\"wp-block-image\"><img decoding=\"async\" data-id=\"691\" src=\"http:\/\/chroniquesmotardes.com\/wp-content\/uploads\/2018\/11\/40370423_310349692847745_5669477622380232704_n.jpg\" alt=\"\" class=\"wp-image-691\"\/><\/figure>\n\n\n\n<figure class=\"wp-block-image\"><img decoding=\"async\" data-id=\"266\" src=\"http:\/\/chroniquesmotardes.com\/wp-content\/uploads\/2018\/11\/33422677_242492276300154_7821669314745860096_n.jpg\" alt=\"Web image merci\" class=\"wp-image-266\"\/><\/figure>\n<\/figure>\n\n\n\n<p class=\"has-text-align-center\"><strong>R\u00e9cits et ressentis des al\u00e9as du quotidien \u00e0 moto :<\/strong><\/p>\n\n\n\n<p class=\"has-text-align-center\"><a href=\"https:\/\/chroniquesmotardes.com\/index.php\/2018\/05\/25\/quotidien-motard-1\/\">Quotidien Motard #1<\/a><\/p>\n\n\n\n<p class=\"has-text-align-center\"><a href=\"https:\/\/chroniquesmotardes.com\/index.php\/2018\/08\/21\/quotidien-motard-2\/\">Quotidien Motard #2<\/a><\/p>\n\n\n\n<p class=\"has-text-align-center\"><a href=\"https:\/\/chroniquesmotardes.com\/index.php\/2018\/08\/29\/quotidien-motard-3\/\">Quotidien Motard #3<\/a><\/p>\n","protected":false},"excerpt":{"rendered":"<p>R\u00e9cits et ressentis des al\u00e9as du quotidien \u00e0 moto : Quotidien Motard #1 Quotidien Motard #2 Quotidien Motard #3<\/p>\n","protected":false},"author":1,"featured_media":0,"parent":47,"menu_order":0,"comment_status":"closed","ping_status":"closed","template":"","meta":{"footnotes":""},"class_list":["post-889","page","type-page","status-publish","hentry"],"_links":{"self":[{"href":"https:\/\/chroniquesmotardes.com\/index.php\/wp-json\/wp\/v2\/pages\/889","targetHints":{"allow":["GET"]}}],"collection":[{"href":"https:\/\/chroniquesmotardes.com\/index.php\/wp-json\/wp\/v2\/pages"}],"about":[{"href":"https:\/\/chroniquesmotardes.com\/index.php\/wp-json\/wp\/v2\/types\/page"}],"author":[{"embeddable":true,"href":"https:\/\/chroniquesmotardes.com\/index.php\/wp-json\/wp\/v2\/users\/1"}],"replies":[{"embeddable":true,"href":"https:\/\/chroniquesmotardes.com\/index.php\/wp-json\/wp\/v2\/comments?post=889"}],"version-history":[{"count":1,"href":"https:\/\/chroniquesmotardes.com\/index.php\/wp-json\/wp\/v2\/pages\/889\/revisions"}],"predecessor-version":[{"id":1154,"href":"https:\/\/chroniquesmotardes.com\/index.php\/wp-json\/wp\/v2\/pages\/889\/revisions\/1154"}],"up":[{"embeddable":true,"href":"https:\/\/chroniquesmotardes.com\/index.php\/wp-json\/wp\/v2\/pages\/47"}],"wp:attachment":[{"href":"https:\/\/chroniquesmotardes.com\/index.php\/wp-json\/wp\/v2\/media?parent=889"}],"curies":[{"name":"wp","href":"https:\/\/api.w.org\/{rel}","templated":true}]}}