{"id":9,"date":"2018-11-23T09:40:35","date_gmt":"2018-11-23T08:40:35","guid":{"rendered":"http:\/\/chroniquesmotardes.com\/?page_id=8"},"modified":"2024-06-17T01:42:11","modified_gmt":"2024-06-16T23:42:11","slug":"about","status":"publish","type":"page","link":"https:\/\/chroniquesmotardes.com\/index.php\/accueil\/about\/","title":{"rendered":""},"content":{"rendered":"\n<h1 class=\"wp-block-heading has-text-align-center\">Qui se cache derri\u00e8re les Chroniques..?<\/h1>\n\n\n<h4>\u00a0<\/h4>\n<h4 style=\"text-align: center;\">&#8220;Port\u00e9e par mes r\u00eaves, j\u2019irais partout.&#8221;<\/h4>\n<p><strong>Au caract\u00e8re doux, <\/strong><span style=\"color: #ff0000;\"><strong>Loup<\/strong><\/span> est une jeune motarde qui vient tout juste d\u2019obtenir le<strong> permis A2<\/strong>, et qui roule en <strong>CB500X de 2013<\/strong>, qu\u2019elle a affectueusement baptis\u00e9e \u201c <strong>La Noireaude<\/strong> \u201d (<em>allez savoir pourquoi..<\/em>), et qui semble \u00eatre sa vie, son b\u00e9b\u00e9, sa moiti\u00e9&#8230;. sa libert\u00e9, quoi (<em>non, elle n\u2019exag\u00e8re pas&#8230;<\/em>).<\/p>\n<p>Grande <strong>r\u00eaveuse<\/strong>, les pens\u00e9es pleines de <a href=\"https:\/\/chroniquesmotardes.com\/index.php\/accueil\/projets\/\"><strong>projets loufoques<\/strong><\/a>, on l\u2019appelle parfois \u201c <em>Candide <\/em>\u201d, mais elle n\u2019en a cure. Dans sa t\u00eate, elle est une <strong>guerri\u00e8re du bitume<\/strong>, et vise le <strong>bout du monde<\/strong>&#8230;<\/p>\n<p>Elle ne l\u2019a<span class=\"text_exposed_show\">dmettra pas, mais elle n\u2019arrive d\u00e9j\u00e0 pas \u00e0 atteindre ses destinations les plus proches du premier coup, ayant un<strong> sens de l\u2019orientation<\/strong> aussi <strong>aiguis\u00e9<\/strong> que celui d\u2019une pelle (<em>\u00e0 peu pr\u00e8s hein&#8230;<\/em>).<\/span><\/p>\n<p><span class=\"text_exposed_show\"><br \/>Malgr\u00e9 ce soucis (<em>mineur, arguera-t-elle<\/em>) d\u2019orientation, <a href=\"https:\/\/chroniquesmotardes.com\/index.php\/accueil\/voyages\/\"><strong>elle ne tient pas en place<\/strong><\/a>, veut poser ses roues partout, voir le monde, et r\u00eaver en <strong>chantant dans son casque<\/strong>&#8230;<\/span><\/p>\n<div class=\"text_exposed_show\">\n<p style=\"text-align: center;\"><strong>Mais&#8230; \u00e0 c\u0153ur vaillant, rien d\u2019impossible, non? <span class=\"_47e3 _5mfr\" title=\"\u00e9motic\u00f4ne wink\"><img loading=\"lazy\" decoding=\"async\" class=\"img\" role=\"presentation\" src=\"https:\/\/static.xx.fbcdn.net\/images\/emoji.php\/v9\/tb0\/1.5\/16\/1f609.png\" alt=\"\" width=\"16\" height=\"16\" \/><\/span><\/strong><\/p>\n<\/div>\n\n\n<h2 class=\"wp-block-heading\"><\/h2>\n\n\n\n<hr class=\"wp-block-separator has-css-opacity\"\/>\n\n\n\n<p>De <strong>nombreuses destinations hantent mes r\u00eaves<\/strong> de roadtrips (<em>et mon maigre porte-feuille<\/em>) : <del>l&#8217;Allemagne<\/del>, <del>l&#8217;Autriche<\/del>, <del>l&#8217;Italie<\/del>, <s>l\u2019Espagne<\/s>, l&#8217;Irlande, <s>l\u2019\u00c9cosse<\/s>, <s>l&#8217;Angleterre<\/s>, l&#8217;Europe de l&#8217;Est, la Su\u00e8de et la Norv\u00e8ge, l&#8217;Islande, la Finlande, la Laponie, l&#8217;Asie de l&#8217;Est, le Canada, l\u2019Inde, le Japon&#8230; <strong>liste non-exhaustive<\/strong>, bien-s\u00fbr !<br><br>J\u2019ai \u00e9galement pour projet de <a href=\"https:\/\/chroniquesmotardes.com\/index.php\/2018\/06\/13\/une-moto-en-heritage\/\">retaper enti\u00e8rement une HONDA 500 CX de 1979<\/a>, que j\u2019aimerais beaucoup voir rouler.. Mais \u00e9tant plut\u00f4t manche niveau m\u00e9canique, <strong>un stage pour me former<\/strong> \u00e0 tout \u00e7a s\u2019imposera tr\u00e8s probablement!<\/p>\n\n\n\n<p class=\"has-text-align-center\"><strong>Publiant initialement via l\u2019application <a href=\"https:\/\/www.nousmotards.com\/\">NousMotards<\/a><\/strong>, je souhaite <strong>partager <\/strong>avec vous mes <strong>exp\u00e9riences<\/strong>, en esp\u00e9rant que mes erreurs vous serviront, et que mes r\u00e9ussites vous donneront l\u2019<strong>envie de vous lancer<\/strong> vous aussi <strong>dans la poursuite de vos r\u00eaves<\/strong> !<\/p>\n\n\n\n<p class=\"has-text-align-center\">Je vous propose donc humblement de suivre ici mes aventures, du <a href=\"https:\/\/chroniquesmotardes.com\/index.php\/accueil\/permis-moto\/aventures-permis-a2\/\">permis <\/a>jusqu\u2019au <a href=\"https:\/\/chroniquesmotardes.com\/index.php\/accueil\/voyages\/\">bout du monde<\/a>.. ! \ud83d\ude42<\/p>\n\n\n\n<p class=\"has-text-align-center\"><strong>&nbsp;V<\/strong><\/p>\n\n\n\n<figure class=\"wp-block-gallery has-nested-images columns-default is-cropped wp-block-gallery-1 is-layout-flex wp-block-gallery-is-layout-flex\">\n<figure class=\"wp-block-image\"><img decoding=\"async\" data-id=\"144\" src=\"http:\/\/chroniquesmotardes.com\/wp-content\/uploads\/2018\/11\/IMG_3469-1024x683.jpg\" alt=\"Haute-Saintonge 20 octobre 2018\" class=\"wp-image-144\"\/><figcaption class=\"wp-element-caption\">Haute-Saintonge octobre 2018<\/figcaption><\/figure>\n\n\n\n<figure class=\"wp-block-image\"><img decoding=\"async\" data-id=\"639\" src=\"http:\/\/chroniquesmotardes.com\/wp-content\/uploads\/2018\/10\/44904033_331420880740626_4708533382013779968_o-1024x768.jpg\" alt=\"\" class=\"wp-image-639\"\/><figcaption class=\"wp-element-caption\">Rando TT Pirate 2018<\/figcaption><\/figure>\n\n\n\n<figure class=\"wp-block-image\"><img decoding=\"async\" data-id=\"159\" src=\"http:\/\/chroniquesmotardes.com\/wp-content\/uploads\/2018\/11\/IMG_3721-1024x600.jpg\" alt=\"Haute-Saintonge 20 octobre 2018\" class=\"wp-image-159\"\/><figcaption class=\"wp-element-caption\">Haute-Saintonge octobre 2018<\/figcaption><\/figure>\n\n\n\n<figure class=\"wp-block-image\"><img decoding=\"async\" data-id=\"640\" src=\"http:\/\/chroniquesmotardes.com\/wp-content\/uploads\/2018\/10\/44932290_331034500779264_7422086933578252288_o-1024x768.jpg\" alt=\"\" class=\"wp-image-640\"\/><figcaption class=\"wp-element-caption\">Rando TT Pirate 2018<\/figcaption><\/figure>\n\n\n\n<figure class=\"wp-block-image\"><img decoding=\"async\" data-id=\"164\" src=\"http:\/\/chroniquesmotardes.com\/wp-content\/uploads\/2018\/11\/IMG_3770-1024x734.jpg\" alt=\"Haute-Saintonge 20 octobre 2018\" class=\"wp-image-164\"\/><figcaption class=\"wp-element-caption\">Haute-Saintonge octobre 2018<\/figcaption><\/figure>\n\n\n\n<figure class=\"wp-block-image\"><img decoding=\"async\" data-id=\"595\" src=\"http:\/\/chroniquesmotardes.com\/wp-content\/uploads\/2018\/11\/39216088_299416627274385_56097340947169280_o-1024x1024.jpg\" alt=\"\" class=\"wp-image-595\"\/><figcaption class=\"wp-element-caption\">C\u00e9vennes ao\u00fbt 2018<\/figcaption><\/figure>\n\n\n\n<figure class=\"wp-block-image\"><img decoding=\"async\" data-id=\"191\" src=\"http:\/\/chroniquesmotardes.com\/wp-content\/uploads\/2018\/11\/IMG_3956-1024x683.jpg\" alt=\"Haute-Saintonge 20 octobre 2018\" class=\"wp-image-191\"\/><figcaption class=\"wp-element-caption\">Haute-Saintonge octobre 2018<\/figcaption><\/figure>\n\n\n\n<figure class=\"wp-block-image\"><img decoding=\"async\" data-id=\"582\" src=\"http:\/\/chroniquesmotardes.com\/wp-content\/uploads\/2018\/11\/123-1024x501.png\" alt=\"\" class=\"wp-image-582\"\/><figcaption class=\"wp-element-caption\">C\u00e9vennes ao\u00fbt 2018<\/figcaption><\/figure>\n\n\n\n<figure class=\"wp-block-image\"><img decoding=\"async\" data-id=\"573\" src=\"http:\/\/chroniquesmotardes.com\/wp-content\/uploads\/2018\/11\/39127206_298572710692110_3871321497268125696_o-1024x1024.jpg\" alt=\"\" class=\"wp-image-573\"\/><figcaption class=\"wp-element-caption\">C\u00e9vennes ao\u00fbt 2018<\/figcaption><\/figure>\n\n\n\n<figure class=\"wp-block-image\"><img decoding=\"async\" data-id=\"396\" src=\"http:\/\/chroniquesmotardes.com\/wp-content\/uploads\/2018\/11\/Sans-titre3-1024x776.png\" alt=\"Casque HJC\" class=\"wp-image-396\"\/><figcaption class=\"wp-element-caption\">Haute-Saintonge 18 mars 2018<\/figcaption><\/figure>\n\n\n\n<figure class=\"wp-block-image\"><img decoding=\"async\" data-id=\"437\" src=\"http:\/\/chroniquesmotardes.com\/wp-content\/uploads\/2018\/11\/27369019_208362603046455_7371883385858678004_o-1024x768.jpg\" alt=\"vue_500CX\" class=\"wp-image-437\"\/><figcaption class=\"wp-element-caption\">500CX de 1979 \u00e0 r\u00e9nover<\/figcaption><\/figure>\n\n\n\n<figure class=\"wp-block-image\"><img decoding=\"async\" data-id=\"181\" src=\"http:\/\/chroniquesmotardes.com\/wp-content\/uploads\/2018\/11\/IMG_3916-bis-810x1024.jpg\" alt=\"Haute-Saintonge 20 octobre 2018\" class=\"wp-image-181\"\/><figcaption class=\"wp-element-caption\">Haute-Saintonge octobre 2018<\/figcaption><\/figure>\n<\/figure>\n","protected":false},"excerpt":{"rendered":"<p>Qui se cache derri\u00e8re les Chroniques..? \u00a0 &#8220;Port\u00e9e par mes r\u00eaves, j\u2019irais partout.&#8221; Au caract\u00e8re doux, Loup est une jeune&hellip;<\/p>\n","protected":false},"author":1,"featured_media":692,"parent":770,"menu_order":1,"comment_status":"open","ping_status":"closed","template":"","meta":{"footnotes":""},"class_list":["post-9","page","type-page","status-publish","has-post-thumbnail","hentry"],"_links":{"self":[{"href":"https:\/\/chroniquesmotardes.com\/index.php\/wp-json\/wp\/v2\/pages\/9","targetHints":{"allow":["GET"]}}],"collection":[{"href":"https:\/\/chroniquesmotardes.com\/index.php\/wp-json\/wp\/v2\/pages"}],"about":[{"href":"https:\/\/chroniquesmotardes.com\/index.php\/wp-json\/wp\/v2\/types\/page"}],"author":[{"embeddable":true,"href":"https:\/\/chroniquesmotardes.com\/index.php\/wp-json\/wp\/v2\/users\/1"}],"replies":[{"embeddable":true,"href":"https:\/\/chroniquesmotardes.com\/index.php\/wp-json\/wp\/v2\/comments?post=9"}],"version-history":[{"count":4,"href":"https:\/\/chroniquesmotardes.com\/index.php\/wp-json\/wp\/v2\/pages\/9\/revisions"}],"predecessor-version":[{"id":1158,"href":"https:\/\/chroniquesmotardes.com\/index.php\/wp-json\/wp\/v2\/pages\/9\/revisions\/1158"}],"up":[{"embeddable":true,"href":"https:\/\/chroniquesmotardes.com\/index.php\/wp-json\/wp\/v2\/pages\/770"}],"wp:featuredmedia":[{"embeddable":true,"href":"https:\/\/chroniquesmotardes.com\/index.php\/wp-json\/"}],"wp:attachment":[{"href":"https:\/\/chroniquesmotardes.com\/index.php\/wp-json\/wp\/v2\/media?parent=9"}],"curies":[{"name":"wp","href":"https:\/\/api.w.org\/{rel}","templated":true}]}}